{"id":342,"date":"2023-07-12T12:12:29","date_gmt":"2023-07-12T10:12:29","guid":{"rendered":"http:\/\/www.robertalanzetti.it\/?page_id=342"},"modified":"2023-07-12T12:13:03","modified_gmt":"2023-07-12T10:13:03","slug":"rare-bird","status":"publish","type":"page","link":"http:\/\/www.robertalanzetti.it\/it\/rare-bird\/","title":{"rendered":"Rare Bird"},"content":{"rendered":"<p>[et_pb_section fb_built=&#8221;1&#8243; fullwidth=&#8221;on&#8221; _builder_version=&#8221;4.14.5&#8243; _module_preset=&#8221;default&#8221; background_color=&#8221;#b7403e&#8221; global_colors_info=&#8221;{}&#8221;][et_pb_fullwidth_header _builder_version=&#8221;4.14.5&#8243; _module_preset=&#8221;default&#8221; background_enable_color=&#8221;off&#8221; background_image=&#8221;http:\/\/www.robertalanzetti.it\/wp-content\/uploads\/2022\/01\/instagram-story-standard.png&#8221; min_height=&#8221;366px&#8221; custom_padding=&#8221;||350px|||&#8221; hover_enabled=&#8221;0&#8243; global_colors_info=&#8221;{}&#8221; alt=&#8221;instagram story standard&#8221; title_text=&#8221;instagram story standard&#8221; sticky_enabled=&#8221;0&#8243;][\/et_pb_fullwidth_header][\/et_pb_section][et_pb_section fb_built=&#8221;1&#8243; _builder_version=&#8221;4.14.5&#8243; _module_preset=&#8221;default&#8221; min_height=&#8221;847.3px&#8221; custom_margin=&#8221;-4px||-150px||false|false&#8221; custom_padding=&#8221;93px||||false|false&#8221; global_colors_info=&#8221;{}&#8221;][et_pb_row column_structure=&#8221;3_5,2_5&#8243; _builder_version=&#8221;4.14.5&#8243; _module_preset=&#8221;default&#8221; module_alignment=&#8221;center&#8221; custom_margin=&#8221;|200px|-3px|200px||true&#8221; global_colors_info=&#8221;{}&#8221;][et_pb_column type=&#8221;3_5&#8243; _builder_version=&#8221;4.14.5&#8243; _module_preset=&#8221;default&#8221; global_colors_info=&#8221;{}&#8221;][et_pb_text _builder_version=&#8221;4.14.5&#8243; _module_preset=&#8221;default&#8221; hover_enabled=&#8221;0&#8243; global_colors_info=&#8221;{}&#8221; sticky_enabled=&#8221;0&#8243;]<\/p>\n<h1><span style=\"color: #352424;\"><strong><span style=\"font-size: x-large;\">Rare Bird Music<\/span><\/strong><\/span><\/h1>\n<p><span style=\"color: #352424;\"><strong><span style=\"font-size: x-large;\"><\/span><\/strong><\/span><\/p>\n<p>[\/et_pb_text][et_pb_divider color=&#8221;#adadad&#8221; divider_style=&#8221;double&#8221; divider_weight=&#8221;7px&#8221; _builder_version=&#8221;4.14.5&#8243; _module_preset=&#8221;default&#8221; width=&#8221;19%&#8221; module_alignment=&#8221;left&#8221; custom_margin=&#8221;-20px||||false|false&#8221; global_colors_info=&#8221;{}&#8221;][\/et_pb_divider][et_pb_text _builder_version=&#8221;4.14.5&#8243; _module_preset=&#8221;default&#8221; custom_margin=&#8221;-13px||102px|||&#8221; global_colors_info=&#8221;{}&#8221;]<\/p>\n<p>Renn Madeleine Bibeau aveva insegnato per altre istituzioni per oltre 10 anni e finalmente stava avviando la sua attivit\u00e0 in proprio. Aveva bisogno di un logo per la sua scuola di musica \u201cRare Bird Music\u201d. L'ha descritta come un luogo dove persone di tutte le et\u00e0 e livelli di abilit\u00e0 possono venire a ricevere un'educazione musicale personalizzata che d\u00e0 potere! Sarebbe stata l'unica insegnante, offrendo lezioni di canto, pianoforte, ukulele, musical e altro.<\/p>\n<p>Il logo doveva trasmettere un senso di calda professionalit\u00e0, ma anche creativit\u00e0, con un focus sulla collaborazione e sulla comunit\u00e0. Ha richiesto colori neutri \"che parlano del paesaggio del Pacifico Nord-occidentale\", con palette ispirate alla natura.<\/p>\n<p>[\/et_pb_text][\/et_pb_column][et_pb_column type=&#8221;2_5&#8243; _builder_version=&#8221;4.14.5&#8243; _module_preset=&#8221;default&#8221; global_colors_info=&#8221;{}&#8221;][et_pb_accordion _builder_version=&#8221;4.14.5&#8243; _module_preset=&#8221;default&#8221; global_colors_info=&#8221;{}&#8221;][et_pb_accordion_item title=&#8221;Categoria&#8221; open=&#8221;on&#8221; open_toggle_text_color=&#8221;#000000&#8243; _builder_version=&#8221;4.14.5&#8243; _module_preset=&#8221;default&#8221; global_colors_info=&#8221;{}&#8221; toggle_font=&#8221;|600|||||||&#8221;]<\/p>\n<p>Branding, Logo Design<\/p>\n<p>[\/et_pb_accordion_item][\/et_pb_accordion][et_pb_accordion _builder_version=&#8221;4.14.5&#8243; _module_preset=&#8221;default&#8221; custom_margin=&#8221;-15px|||||&#8221; hover_enabled=&#8221;0&#8243; global_colors_info=&#8221;{}&#8221; sticky_enabled=&#8221;0&#8243;][et_pb_accordion_item title=&#8221;Cliente&#8221; open=&#8221;on&#8221; open_toggle_text_color=&#8221;#000000&#8243; _builder_version=&#8221;4.14.5&#8243; _module_preset=&#8221;default&#8221; global_colors_info=&#8221;{}&#8221; toggle_font=&#8221;|600|||||||&#8221;]<\/p>\n<p>Renn Madeleine Bibeau<\/p>\n<p>[\/et_pb_accordion_item][\/et_pb_accordion][et_pb_accordion _builder_version=&#8221;4.14.5&#8243; _module_preset=&#8221;default&#8221; custom_margin=&#8221;-15px|||||&#8221; hover_enabled=&#8221;0&#8243; global_colors_info=&#8221;{}&#8221; sticky_enabled=&#8221;0&#8243;][et_pb_accordion_item title=&#8221;Keywords&#8221; open=&#8221;on&#8221; open_toggle_text_color=&#8221;#000000&#8243; _builder_version=&#8221;4.14.5&#8243; _module_preset=&#8221;default&#8221; global_colors_info=&#8221;{}&#8221; toggle_font=&#8221;|600|||||||&#8221;]<\/p>\n<p>individualized, approachable, professional, warm, empowered, enriching, confident, and INCLUSIVE.<\/p>\n<p>[\/et_pb_accordion_item][\/et_pb_accordion][et_pb_accordion _builder_version=&#8221;4.14.5&#8243; _module_preset=&#8221;default&#8221; custom_margin=&#8221;-15px|||||&#8221; hover_enabled=&#8221;0&#8243; global_colors_info=&#8221;{}&#8221; sticky_enabled=&#8221;0&#8243;][et_pb_accordion_item title=&#8221;Website&#8221; open=&#8221;on&#8221; open_toggle_text_color=&#8221;#000000&#8243; _builder_version=&#8221;4.14.5&#8243; _module_preset=&#8221;default&#8221; hover_enabled=&#8221;0&#8243; global_colors_info=&#8221;{}&#8221; toggle_font=&#8221;|600|||||||&#8221; sticky_enabled=&#8221;0&#8243;]<\/p>\n<p><a href=\"https:\/\/www.rarebirdmusic.ca\">https:\/\/www.rarebirdmusic.ca<\/a><\/p>\n<p>[\/et_pb_accordion_item][\/et_pb_accordion][et_pb_testimonial author=&#8221;Renn&#8217;s message&#8221; portrait_url=&#8221;data:image\/svg+xml;base64,PHN2ZyB3aWR0aD0iNTAwIiBoZWlnaHQ9IjUwMCIgdmlld0JveD0iMCAwIDUwMCA1MDAiIHhtbG5zPSJodHRwOi8vd3d3LnczLm9yZy8yMDAwL3N2ZyI+CiAgICA8ZyBmaWxsPSJub25lIiBmaWxsLXJ1bGU9ImV2ZW5vZGQiPgogICAgICAgIDxwYXRoIGZpbGw9IiNFQkVCRUIiIGQ9Ik0wIDBoNTAwdjUwMEgweiIvPgogICAgICAgIDxyZWN0IGZpbGwtb3BhY2l0eT0iLjEiIGZpbGw9IiMwMDAiIHg9IjY4IiB5PSIzMDUiIHdpZHRoPSIzNjQiIGhlaWdodD0iNTY4IiByeD0iMTgyIi8+CiAgICAgICAgPGNpcmNsZSBmaWxsLW9wYWNpdHk9Ii4xIiBmaWxsPSIjMDAwIiBjeD0iMjQ5IiBjeT0iMTcyIiByPSIxMDAiLz4KICAgIDwvZz4KPC9zdmc+Cg==&#8221; _builder_version=&#8221;4.14.5&#8243; _module_preset=&#8221;default&#8221; global_colors_info=&#8221;{}&#8221;]<\/p>\n<p>Lavorare con Roberta \u00e8 stato un gioco da ragazzi \u2013 \u00e8 professionale, paziente e gentile. Sono entusiasta del risultato e mi rivolger\u00f2 a lei per qualsiasi futuro lavoro di design.<\/p>\n<p>[\/et_pb_testimonial][\/et_pb_column][\/et_pb_row][\/et_pb_section][et_pb_section fb_built=&#8221;1&#8243; _builder_version=&#8221;4.14.5&#8243; _module_preset=&#8221;default&#8221; custom_margin=&#8221;72px|||||&#8221; custom_padding=&#8221;62px|||||&#8221; global_colors_info=&#8221;{}&#8221;][et_pb_row _builder_version=&#8221;4.14.5&#8243; _module_preset=&#8221;default&#8221; custom_padding=&#8221;0px|||||&#8221; global_colors_info=&#8221;{}&#8221;][et_pb_column type=&#8221;4_4&#8243; _builder_version=&#8221;4.14.5&#8243; _module_preset=&#8221;default&#8221; global_colors_info=&#8221;{}&#8221;][et_pb_image src=&#8221;http:\/\/www.robertalanzetti.it\/wp-content\/uploads\/2022\/01\/instagram-story-standard.png&#8221; alt=&#8221;instagram story standard&#8221; title_text=&#8221;instagram story standard&#8221; show_in_lightbox=&#8221;on&#8221; use_overlay=&#8221;on&#8221; overlay_icon_color=&#8221;#19B4B7&#8243; hover_overlay_color=&#8221;rgba(255,255,255,0.39)&#8221; hover_icon=&#8221;&#x54;||divi||400&#8243; _builder_version=&#8221;4.14.5&#8243; _module_preset=&#8221;default&#8221; animation_style=&#8221;slide&#8221; animation_direction=&#8221;right&#8221; animation_delay=&#8221;400ms&#8221; animation_intensity_slide=&#8221;27%&#8221; animation_starting_opacity=&#8221;50%&#8221; animation_speed_curve=&#8221;linear&#8221; hover_transition_duration=&#8221;700ms&#8221; scroll_horizontal_motion=&#8221;0|10|10|100|5|0|0&#8243; scroll_fade=&#8221;0|17|17|100|0|100|100&#8243; motion_trigger_start=&#8221;top&#8221; global_colors_info=&#8221;{}&#8221; transform_styles__hover_enabled=&#8221;on|hover&#8221; transform_scale__hover_enabled=&#8221;on|hover&#8221; transform_translate__hover_enabled=&#8221;on|desktop&#8221; transform_rotate__hover_enabled=&#8221;on|desktop&#8221; transform_skew__hover_enabled=&#8221;on|desktop&#8221; transform_origin__hover_enabled=&#8221;on|desktop&#8221; transform_scale__hover=&#8221;104%|104%&#8221;][\/et_pb_image][\/et_pb_column][\/et_pb_row][\/et_pb_section]<\/p>","protected":false},"excerpt":{"rendered":"<p>Rare Bird Music Renn Madeleine Bibeau had been teaching for other institutions for over 10 years and she was finally going out on her own. She needed a logo for her music school \u201cRare Bird Music\u201d. She described it as a place for people of all ages and skill levels to come and receive individualized [&hellip;]<\/p>","protected":false},"author":1,"featured_media":0,"parent":0,"menu_order":0,"comment_status":"closed","ping_status":"closed","template":"","meta":{"_et_pb_use_builder":"on","_et_pb_old_content":"","_et_gb_content_width":"","footnotes":""},"class_list":["post-342","page","type-page","status-publish","hentry"],"aioseo_notices":[],"_links":{"self":[{"href":"http:\/\/www.robertalanzetti.it\/it\/wp-json\/wp\/v2\/pages\/342","targetHints":{"allow":["GET"]}}],"collection":[{"href":"http:\/\/www.robertalanzetti.it\/it\/wp-json\/wp\/v2\/pages"}],"about":[{"href":"http:\/\/www.robertalanzetti.it\/it\/wp-json\/wp\/v2\/types\/page"}],"author":[{"embeddable":true,"href":"http:\/\/www.robertalanzetti.it\/it\/wp-json\/wp\/v2\/users\/1"}],"replies":[{"embeddable":true,"href":"http:\/\/www.robertalanzetti.it\/it\/wp-json\/wp\/v2\/comments?post=342"}],"version-history":[{"count":2,"href":"http:\/\/www.robertalanzetti.it\/it\/wp-json\/wp\/v2\/pages\/342\/revisions"}],"predecessor-version":[{"id":346,"href":"http:\/\/www.robertalanzetti.it\/it\/wp-json\/wp\/v2\/pages\/342\/revisions\/346"}],"wp:attachment":[{"href":"http:\/\/www.robertalanzetti.it\/it\/wp-json\/wp\/v2\/media?parent=342"}],"curies":[{"name":"wp","href":"https:\/\/api.w.org\/{rel}","templated":true}]}}