{"id":537,"date":"2024-05-06T18:04:41","date_gmt":"2024-05-06T16:04:41","guid":{"rendered":"https:\/\/www.robertalanzetti.it\/?page_id=537"},"modified":"2024-05-06T18:05:03","modified_gmt":"2024-05-06T16:05:03","slug":"skl-2","status":"publish","type":"page","link":"http:\/\/www.robertalanzetti.it\/it\/skl-2\/","title":{"rendered":"SKL"},"content":{"rendered":"<p>[et_pb_section fb_built=&#8221;1&#8243; fullwidth=&#8221;on&#8221; _builder_version=&#8221;4.14.5&#8243; _module_preset=&#8221;default&#8221; background_color=&#8221;#b7403e&#8221; global_colors_info=&#8221;{}&#8221; theme_builder_area=&#8221;post_content&#8221;][et_pb_fullwidth_header _builder_version=&#8221;4.14.5&#8243; _module_preset=&#8221;default&#8221; background_enable_color=&#8221;off&#8221; background_image=&#8221;http:\/\/www.robertalanzetti.it\/wp-content\/uploads\/2022\/01\/skl.jpg&#8221; min_height=&#8221;366px&#8221; custom_padding=&#8221;||350px|||&#8221; hover_enabled=&#8221;0&#8243; global_colors_info=&#8221;{}&#8221; theme_builder_area=&#8221;post_content&#8221; alt=&#8221;skl&#8221; title_text=&#8221;skl&#8221; sticky_enabled=&#8221;0&#8243;][\/et_pb_fullwidth_header][\/et_pb_section][et_pb_section fb_built=&#8221;1&#8243; _builder_version=&#8221;4.14.5&#8243; _module_preset=&#8221;default&#8221; min_height=&#8221;847.3px&#8221; custom_margin=&#8221;-4px||-150px||false|false&#8221; custom_padding=&#8221;93px||||false|false&#8221; global_colors_info=&#8221;{}&#8221; theme_builder_area=&#8221;post_content&#8221;][et_pb_row column_structure=&#8221;3_5,2_5&#8243; _builder_version=&#8221;4.14.5&#8243; _module_preset=&#8221;default&#8221; module_alignment=&#8221;center&#8221; custom_margin=&#8221;|200px|-3px|200px||true&#8221; global_colors_info=&#8221;{}&#8221; theme_builder_area=&#8221;post_content&#8221;][et_pb_column type=&#8221;3_5&#8243; _builder_version=&#8221;4.14.5&#8243; _module_preset=&#8221;default&#8221; global_colors_info=&#8221;{}&#8221; theme_builder_area=&#8221;post_content&#8221;][et_pb_text _builder_version=&#8221;4.14.5&#8243; _module_preset=&#8221;default&#8221; global_colors_info=&#8221;{}&#8221; theme_builder_area=&#8221;post_content&#8221;]<\/p>\n<h1><span style=\"color: #352424;\"><strong><span style=\"font-size: x-large;\">The China-Taiwan Research Institute <\/span><\/strong><\/span><\/h1>\n<p><span style=\"color: #352424;\"><strong><span style=\"font-size: x-large;\"><\/span><\/strong><\/span><\/p>\n<p>[\/et_pb_text][et_pb_divider color=&#8221;#adadad&#8221; divider_style=&#8221;double&#8221; divider_weight=&#8221;7px&#8221; _builder_version=&#8221;4.14.5&#8243; _module_preset=&#8221;default&#8221; width=&#8221;19%&#8221; module_alignment=&#8221;left&#8221; custom_margin=&#8221;-20px||||false|false&#8221; global_colors_info=&#8221;{}&#8221; theme_builder_area=&#8221;post_content&#8221;][\/et_pb_divider][et_pb_text _builder_version=&#8221;4.14.5&#8243; _module_preset=&#8221;default&#8221; custom_margin=&#8221;-13px||102px|||&#8221; hover_enabled=&#8221;0&#8243; global_colors_info=&#8221;{}&#8221; theme_builder_area=&#8221;post_content&#8221; sticky_enabled=&#8221;0&#8243;]<\/p>\n<p>Il logo di SKL Property Solutions LTD \u00e8 una rappresentazione visiva di fiducia, integrit\u00e0 e professionalit\u00e0, incarnando i valori fondamentali dell'azienda. Il design \u00e8 pensato per trasmettere un messaggio semplice ma potente che risuona con il pubblico di riferimento.<\/p>\n<p>Al centro del logo c'\u00e8 l'acronimo \u201cSKL,\u201d che rappresenta l'identit\u00e0 e il brand dell'azienda. Le lettere sono posizionate strategicamente per essere allo stesso livello del pittogramma adiacente, enfatizzando l'equilibrio e l'armonia nel design. Questo allineamento non solo crea un equilibrio visivo, ma rafforza anche il senso di stabilit\u00e0 e affidabilit\u00e0 associato al brand.<\/p>\n<p>Il pittogramma, rappresentato come una freccia, simboleggia il movimento in avanti, il progresso e la crescita, riflettendo l'impegno dell'azienda nel fornire soluzioni innovative e servizi superiori ai suoi clienti. La freccia \u00e8 posizionata in modo tale che la sua parte superiore punti verso le lettere \u201cSKL,\u201d simboleggiando leadership, direzione e guida.<\/p>\n<p>La forma complessiva del logo \u00e8 un rettangolo, scelto per la sua stabilit\u00e0 e solidit\u00e0 intrinseche, che infondono fiducia e sicurezza nella mente degli osservatori. L'approccio di design pulito e minimalista migliora la leggibilit\u00e0 e la versatilit\u00e0 del logo in diverse applicazioni, garantendo un forte riconoscimento del brand e una buona memorizzabilit\u00e0.<\/p>\n<p>In sintesi, il logo di SKL Property Solutions LTD \u00e8 una rappresentazione visiva senza tempo e di grande impatto di affidabilit\u00e0, integrit\u00e0 e professionalit\u00e0, che funge da faro di eccellenza nel settore delle soluzioni immobiliari.<\/p>\n<p class=\"translation-block\">Mi \u00e8 stato chiesto di progettare il logo per questo. L'idea era di combinare un fiore cinese popolare (Peonia cinese) e il fiore nazionale di Taiwan (Fiore di prugno) per il pittogramma. I due fiori rappresentano due identit\u00e0 distinte messe insieme per un senso di armonia.  \nIl logo doveva essere semplice e non politico, trasmettendo professionalit\u00e0 e precisione per rappresentare esperti con una profonda comprensione delle persone, della politica, della cultura e della sicurezza della Cina e di Taiwan.<\/p>\n<p>&nbsp;<\/p>\n<p>[\/et_pb_text][\/et_pb_column][et_pb_column type=&#8221;2_5&#8243; _builder_version=&#8221;4.14.5&#8243; _module_preset=&#8221;default&#8221; global_colors_info=&#8221;{}&#8221; theme_builder_area=&#8221;post_content&#8221;][et_pb_accordion _builder_version=&#8221;4.14.5&#8243; _module_preset=&#8221;default&#8221; global_colors_info=&#8221;{}&#8221; theme_builder_area=&#8221;post_content&#8221;][et_pb_accordion_item title=&#8221;Categoria&#8221; open=&#8221;on&#8221; open_toggle_text_color=&#8221;#000000&#8243; _builder_version=&#8221;4.14.5&#8243; _module_preset=&#8221;default&#8221; global_colors_info=&#8221;{}&#8221; toggle_font=&#8221;|600|||||||&#8221; theme_builder_area=&#8221;post_content&#8221;]<\/p>\n<p>Branding, Logo Design<\/p>\n<p>[\/et_pb_accordion_item][\/et_pb_accordion][et_pb_accordion _builder_version=&#8221;4.14.5&#8243; _module_preset=&#8221;default&#8221; custom_margin=&#8221;-15px|||||&#8221; global_colors_info=&#8221;{}&#8221; theme_builder_area=&#8221;post_content&#8221;][et_pb_accordion_item title=&#8221;Cliente&#8221; open=&#8221;on&#8221; open_toggle_text_color=&#8221;#000000&#8243; _builder_version=&#8221;4.14.5&#8243; _module_preset=&#8221;default&#8221; global_colors_info=&#8221;{}&#8221; toggle_font=&#8221;|600|||||||&#8221; theme_builder_area=&#8221;post_content&#8221;]<\/p>\n<p>SKL<\/p>\n<p>[\/et_pb_accordion_item][\/et_pb_accordion][et_pb_accordion _builder_version=&#8221;4.14.5&#8243; _module_preset=&#8221;default&#8221; custom_margin=&#8221;-15px|||||&#8221; global_colors_info=&#8221;{}&#8221; theme_builder_area=&#8221;post_content&#8221;][et_pb_accordion_item title=&#8221;Keywords&#8221; open=&#8221;on&#8221; open_toggle_text_color=&#8221;#000000&#8243; _builder_version=&#8221;4.14.5&#8243; _module_preset=&#8221;default&#8221; global_colors_info=&#8221;{}&#8221; toggle_font=&#8221;|600|||||||&#8221; theme_builder_area=&#8221;post_content&#8221;]<\/p>\n<p>trust, integrity, and professionalism<\/p>\n<p>[\/et_pb_accordion_item][\/et_pb_accordion][et_pb_accordion _builder_version=&#8221;4.14.5&#8243; _module_preset=&#8221;default&#8221; custom_margin=&#8221;-15px|||||&#8221; global_colors_info=&#8221;{}&#8221; theme_builder_area=&#8221;post_content&#8221;][et_pb_accordion_item title=&#8221;Website&#8221; open=&#8221;on&#8221; open_toggle_text_color=&#8221;#000000&#8243; _builder_version=&#8221;4.14.5&#8243; _module_preset=&#8221;default&#8221; global_colors_info=&#8221;{}&#8221; toggle_font=&#8221;|600|||||||&#8221; theme_builder_area=&#8221;post_content&#8221;]<\/p>\n<p><a href=\"https:\/\/indostrat.org\"><\/a><\/p>\n<p>[\/et_pb_accordion_item][\/et_pb_accordion][\/et_pb_column][\/et_pb_row][\/et_pb_section][et_pb_section fb_built=&#8221;1&#8243; _builder_version=&#8221;4.14.5&#8243; _module_preset=&#8221;default&#8221; custom_margin=&#8221;72px|||||&#8221; custom_padding=&#8221;62px|||||&#8221; global_colors_info=&#8221;{}&#8221; theme_builder_area=&#8221;post_content&#8221;][et_pb_row _builder_version=&#8221;4.14.5&#8243; _module_preset=&#8221;default&#8221; custom_padding=&#8221;0px|||||&#8221; global_colors_info=&#8221;{}&#8221; theme_builder_area=&#8221;post_content&#8221;][et_pb_column type=&#8221;4_4&#8243; _builder_version=&#8221;4.14.5&#8243; _module_preset=&#8221;default&#8221; global_colors_info=&#8221;{}&#8221; theme_builder_area=&#8221;post_content&#8221;][et_pb_image src=&#8221;http:\/\/www.robertalanzetti.it\/wp-content\/uploads\/2022\/01\/skl.jpg&#8221; alt=&#8221;skl&#8221; title_text=&#8221;skl&#8221; show_in_lightbox=&#8221;on&#8221; use_overlay=&#8221;on&#8221; overlay_icon_color=&#8221;#19B4B7&#8243; hover_overlay_color=&#8221;rgba(255,255,255,0.39)&#8221; hover_icon=&#8221;&#x54;||divi||400&#8243; _builder_version=&#8221;4.14.5&#8243; _module_preset=&#8221;default&#8221; animation_style=&#8221;slide&#8221; animation_direction=&#8221;right&#8221; animation_delay=&#8221;400ms&#8221; animation_intensity_slide=&#8221;27%&#8221; animation_starting_opacity=&#8221;50%&#8221; animation_speed_curve=&#8221;linear&#8221; hover_transition_duration=&#8221;700ms&#8221; scroll_horizontal_motion=&#8221;0|10|10|100|5|0|0&#8243; scroll_fade=&#8221;0|17|17|100|0|100|100&#8243; motion_trigger_start=&#8221;top&#8221; hover_enabled=&#8221;0&#8243; global_colors_info=&#8221;{}&#8221; transform_styles__hover_enabled=&#8221;on|hover&#8221; transform_scale__hover_enabled=&#8221;on|hover&#8221; transform_translate__hover_enabled=&#8221;on|desktop&#8221; transform_rotate__hover_enabled=&#8221;on|desktop&#8221; transform_skew__hover_enabled=&#8221;on|desktop&#8221; transform_origin__hover_enabled=&#8221;on|desktop&#8221; transform_scale__hover=&#8221;104%|104%&#8221; theme_builder_area=&#8221;post_content&#8221; sticky_enabled=&#8221;0&#8243;][\/et_pb_image][\/et_pb_column][\/et_pb_row][\/et_pb_section]<\/p>","protected":false},"excerpt":{"rendered":"<p>The China-Taiwan Research Institute The logo for SKL Property Solutions LTD is a visual representation of trust, integrity, and professionalism, embodying the core values of the company. The design is thoughtfully crafted to convey a simple yet powerful message that resonates with the target audience. At the center of the logo is the acronym &#8220;SKL,&#8221; [&hellip;]<\/p>","protected":false},"author":2,"featured_media":0,"parent":0,"menu_order":0,"comment_status":"closed","ping_status":"closed","template":"","meta":{"_et_pb_use_builder":"on","_et_pb_old_content":"","_et_gb_content_width":"","footnotes":""},"class_list":["post-537","page","type-page","status-publish","hentry"],"aioseo_notices":[],"_links":{"self":[{"href":"http:\/\/www.robertalanzetti.it\/it\/wp-json\/wp\/v2\/pages\/537","targetHints":{"allow":["GET"]}}],"collection":[{"href":"http:\/\/www.robertalanzetti.it\/it\/wp-json\/wp\/v2\/pages"}],"about":[{"href":"http:\/\/www.robertalanzetti.it\/it\/wp-json\/wp\/v2\/types\/page"}],"author":[{"embeddable":true,"href":"http:\/\/www.robertalanzetti.it\/it\/wp-json\/wp\/v2\/users\/2"}],"replies":[{"embeddable":true,"href":"http:\/\/www.robertalanzetti.it\/it\/wp-json\/wp\/v2\/comments?post=537"}],"version-history":[{"count":2,"href":"http:\/\/www.robertalanzetti.it\/it\/wp-json\/wp\/v2\/pages\/537\/revisions"}],"predecessor-version":[{"id":539,"href":"http:\/\/www.robertalanzetti.it\/it\/wp-json\/wp\/v2\/pages\/537\/revisions\/539"}],"wp:attachment":[{"href":"http:\/\/www.robertalanzetti.it\/it\/wp-json\/wp\/v2\/media?parent=537"}],"curies":[{"name":"wp","href":"https:\/\/api.w.org\/{rel}","templated":true}]}}