{"id":546,"date":"2024-05-06T18:12:43","date_gmt":"2024-05-06T16:12:43","guid":{"rendered":"https:\/\/www.robertalanzetti.it\/?page_id=546"},"modified":"2024-05-06T18:20:41","modified_gmt":"2024-05-06T16:20:41","slug":"azaya","status":"publish","type":"page","link":"http:\/\/www.robertalanzetti.it\/it\/azaya\/","title":{"rendered":"Azaya"},"content":{"rendered":"<p>[et_pb_section fb_built=&#8221;1&#8243; fullwidth=&#8221;on&#8221; _builder_version=&#8221;4.14.5&#8243; _module_preset=&#8221;default&#8221; background_color=&#8221;#b7403e&#8221; global_colors_info=&#8221;{}&#8221; theme_builder_area=&#8221;post_content&#8221;][et_pb_fullwidth_header _builder_version=&#8221;4.14.5&#8243; _module_preset=&#8221;default&#8221; background_enable_color=&#8221;off&#8221; background_image=&#8221;http:\/\/www.robertalanzetti.it\/wp-content\/uploads\/2023\/07\/Azaya-diamonds-2.jpg&#8221; min_height=&#8221;366px&#8221; custom_padding=&#8221;||350px|||&#8221; hover_enabled=&#8221;0&#8243; global_colors_info=&#8221;{}&#8221; theme_builder_area=&#8221;post_content&#8221; title_text=&#8221;Azaya-diamonds-2&#8243; sticky_enabled=&#8221;0&#8243;][\/et_pb_fullwidth_header][\/et_pb_section][et_pb_section fb_built=&#8221;1&#8243; _builder_version=&#8221;4.14.5&#8243; _module_preset=&#8221;default&#8221; min_height=&#8221;847.3px&#8221; custom_margin=&#8221;-4px||-150px||false|false&#8221; custom_padding=&#8221;93px||||false|false&#8221; global_colors_info=&#8221;{}&#8221; theme_builder_area=&#8221;post_content&#8221;][et_pb_row column_structure=&#8221;3_5,2_5&#8243; _builder_version=&#8221;4.14.5&#8243; _module_preset=&#8221;default&#8221; module_alignment=&#8221;center&#8221; custom_margin=&#8221;|200px|-3px|200px||true&#8221; global_colors_info=&#8221;{}&#8221; theme_builder_area=&#8221;post_content&#8221;][et_pb_column type=&#8221;3_5&#8243; _builder_version=&#8221;4.14.5&#8243; _module_preset=&#8221;default&#8221; global_colors_info=&#8221;{}&#8221; theme_builder_area=&#8221;post_content&#8221;][et_pb_text _builder_version=&#8221;4.14.5&#8243; _module_preset=&#8221;default&#8221; hover_enabled=&#8221;0&#8243; global_colors_info=&#8221;{}&#8221; theme_builder_area=&#8221;post_content&#8221; sticky_enabled=&#8221;0&#8243;]<\/p>\n<h1><span style=\"color: #352424;\"><strong><span style=\"font-size: x-large;\">Azaya<\/span><\/strong><\/span><span style=\"color: #352424;\"><strong><span style=\"font-size: x-large;\"><\/span><\/strong><\/span><\/h1>\n<p>[\/et_pb_text][et_pb_divider color=&#8221;#adadad&#8221; divider_style=&#8221;double&#8221; divider_weight=&#8221;7px&#8221; _builder_version=&#8221;4.14.5&#8243; _module_preset=&#8221;default&#8221; width=&#8221;19%&#8221; module_alignment=&#8221;left&#8221; custom_margin=&#8221;-20px||||false|false&#8221; global_colors_info=&#8221;{}&#8221; theme_builder_area=&#8221;post_content&#8221;][\/et_pb_divider][et_pb_text _builder_version=&#8221;4.14.5&#8243; _module_preset=&#8221;default&#8221; custom_margin=&#8221;-13px||102px|||&#8221; hover_enabled=&#8221;0&#8243; global_colors_info=&#8221;{}&#8221; theme_builder_area=&#8221;post_content&#8221; sticky_enabled=&#8221;0&#8243;]<\/p>\n<p>Il logo per il sito di gioielli su Instagram \u00e8 una fusione di sofisticazione e modernit\u00e0, che riflette l'essenza delle offerte del brand: gioielli personalizzati con un focus su stili moderni come catene cubane e pendenti di diamanti, che richiamano la cultura dei gioielli hip-hop.<\/p>\n<p>Il logo per il sito di gioielli su Instagram \u00e8 una fusione di sofisticazione e modernit\u00e0, che riflette l'essenza delle offerte del brand: gioielli personalizzati con un focus su stili moderni come catene cubane e pendenti di diamanti, che richiamano la cultura dei gioielli hip-hop.<\/p>\n<p>L'elemento visivo principale del logo potrebbe essere una rappresentazione astratta di un anello di catena o un sottile motivo di diamante, simbolizzando i prodotti principali offerti dal brand. Questo elemento \u00e8 realizzato con cura per emanare lusso ed esclusivit\u00e0, risuonando con il desiderio del pubblico di riferimento per gioielli di alta qualit\u00e0.<\/p>\n<p>Oltre al simbolo visivo, il logo incorpora un monogramma o emblema unico posizionato sopra il nome del brand, che richiama loghi iconici come il LV di Louis Vuitton o lo swoosh di Nike. Questo elemento aggiunge un tocco di prestigio e riconoscibilit\u00e0 del marchio, elevando l'estetica complessiva del logo.<\/p>\n<p>La tipografia scelta per il nome del brand \u00e8 moderna e pulita, con attenzione ai dettagli nello spazio e nell'allineamento per garantire leggibilit\u00e0 e armonia visiva. La palette di colori \u00e8 sofisticata, forse incorporando sfumature metalliche come oro, argento o platino, accentuando ulteriormente l'appeal lussuoso del logo.<\/p>\n<p>In sintesi, il logo per il sito di gioielli su Instagram \u00e8 una fusione affascinante di eleganza e modernit\u00e0, che cattura l'essenza delle offerte del brand, trasmettendo al contempo un senso di prestigio e sofisticazione.<\/p>\n<p>[\/et_pb_text][\/et_pb_column][et_pb_column type=&#8221;2_5&#8243; _builder_version=&#8221;4.14.5&#8243; _module_preset=&#8221;default&#8221; global_colors_info=&#8221;{}&#8221; theme_builder_area=&#8221;post_content&#8221;][et_pb_accordion _builder_version=&#8221;4.14.5&#8243; _module_preset=&#8221;default&#8221; global_colors_info=&#8221;{}&#8221; theme_builder_area=&#8221;post_content&#8221;][et_pb_accordion_item title=&#8221;Categoria&#8221; open=&#8221;on&#8221; open_toggle_text_color=&#8221;#000000&#8243; _builder_version=&#8221;4.14.5&#8243; _module_preset=&#8221;default&#8221; global_colors_info=&#8221;{}&#8221; toggle_font=&#8221;|600|||||||&#8221; theme_builder_area=&#8221;post_content&#8221;]<\/p>\n<p>Logo Design<\/p>\n<p>[\/et_pb_accordion_item][\/et_pb_accordion][et_pb_accordion _builder_version=&#8221;4.14.5&#8243; _module_preset=&#8221;default&#8221; custom_margin=&#8221;-15px|||||&#8221; global_colors_info=&#8221;{}&#8221; theme_builder_area=&#8221;post_content&#8221;][et_pb_accordion_item title=&#8221;Cliente&#8221; open=&#8221;on&#8221; open_toggle_text_color=&#8221;#000000&#8243; _builder_version=&#8221;4.14.5&#8243; _module_preset=&#8221;default&#8221; global_colors_info=&#8221;{}&#8221; toggle_font=&#8221;|600|||||||&#8221; theme_builder_area=&#8221;post_content&#8221;]<\/p>\n<p>Azaya<\/p>\n<p>[\/et_pb_accordion_item][\/et_pb_accordion][et_pb_accordion _builder_version=&#8221;4.14.5&#8243; _module_preset=&#8221;default&#8221; custom_margin=&#8221;-15px|||||&#8221; global_colors_info=&#8221;{}&#8221; theme_builder_area=&#8221;post_content&#8221;][et_pb_accordion_item title=&#8221;Keywords&#8221; open=&#8221;on&#8221; open_toggle_text_color=&#8221;#000000&#8243; _builder_version=&#8221;4.14.5&#8243; _module_preset=&#8221;default&#8221; global_colors_info=&#8221;{}&#8221; toggle_font=&#8221;|600|||||||&#8221; theme_builder_area=&#8221;post_content&#8221;]<\/p>\n<p>sophistication and modernity<\/p>\n<p>[\/et_pb_accordion_item][\/et_pb_accordion][\/et_pb_column][\/et_pb_row][\/et_pb_section][et_pb_section fb_built=&#8221;1&#8243; _builder_version=&#8221;4.14.5&#8243; _module_preset=&#8221;default&#8221; custom_margin=&#8221;72px|||||&#8221; custom_padding=&#8221;62px|||||&#8221; global_colors_info=&#8221;{}&#8221; theme_builder_area=&#8221;post_content&#8221;][et_pb_row _builder_version=&#8221;4.14.5&#8243; _module_preset=&#8221;default&#8221; custom_padding=&#8221;0px|||||&#8221; global_colors_info=&#8221;{}&#8221; theme_builder_area=&#8221;post_content&#8221;][et_pb_column type=&#8221;4_4&#8243; _builder_version=&#8221;4.14.5&#8243; _module_preset=&#8221;default&#8221; global_colors_info=&#8221;{}&#8221; theme_builder_area=&#8221;post_content&#8221;][et_pb_image src=&#8221;http:\/\/www.robertalanzetti.it\/wp-content\/uploads\/2023\/07\/Azaya-diamonds-2.jpg&#8221; alt=&#8221;Alec-Xavier&#8221; title_text=&#8221;Azaya-diamonds-2&#8243; show_in_lightbox=&#8221;on&#8221; use_overlay=&#8221;on&#8221; overlay_icon_color=&#8221;#19B4B7&#8243; hover_overlay_color=&#8221;rgba(255,255,255,0.39)&#8221; hover_icon=&#8221;&#x54;||divi||400&#8243; _builder_version=&#8221;4.14.5&#8243; _module_preset=&#8221;default&#8221; animation_style=&#8221;slide&#8221; animation_direction=&#8221;right&#8221; animation_delay=&#8221;400ms&#8221; animation_intensity_slide=&#8221;27%&#8221; animation_starting_opacity=&#8221;50%&#8221; animation_speed_curve=&#8221;linear&#8221; hover_transition_duration=&#8221;700ms&#8221; scroll_horizontal_motion=&#8221;0|10|10|100|5|0|0&#8243; scroll_fade=&#8221;0|17|17|100|0|100|100&#8243; motion_trigger_start=&#8221;top&#8221; hover_enabled=&#8221;0&#8243; global_colors_info=&#8221;{}&#8221; transform_styles__hover_enabled=&#8221;on|hover&#8221; transform_scale__hover_enabled=&#8221;on|hover&#8221; transform_translate__hover_enabled=&#8221;on|desktop&#8221; transform_rotate__hover_enabled=&#8221;on|desktop&#8221; transform_skew__hover_enabled=&#8221;on|desktop&#8221; transform_origin__hover_enabled=&#8221;on|desktop&#8221; transform_scale__hover=&#8221;104%|104%&#8221; theme_builder_area=&#8221;post_content&#8221; sticky_enabled=&#8221;0&#8243;][\/et_pb_image][\/et_pb_column][\/et_pb_row][\/et_pb_section]<\/p>","protected":false},"excerpt":{"rendered":"<p>AzayaThe logo for the jewelry site on Instagram is a fusion of sophistication and modernity, reflecting the essence of the brand&#8217;s offerings &#8211; custom jewelry with a focus on modern styles such as cuban link chains and diamond pendants, reminiscent of hip-hop jewelry culture. At the heart of the logo is a sleek and minimalistic [&hellip;]<\/p>","protected":false},"author":2,"featured_media":0,"parent":0,"menu_order":0,"comment_status":"closed","ping_status":"closed","template":"","meta":{"_et_pb_use_builder":"on","_et_pb_old_content":"","_et_gb_content_width":"","footnotes":""},"class_list":["post-546","page","type-page","status-publish","hentry"],"aioseo_notices":[],"_links":{"self":[{"href":"http:\/\/www.robertalanzetti.it\/it\/wp-json\/wp\/v2\/pages\/546","targetHints":{"allow":["GET"]}}],"collection":[{"href":"http:\/\/www.robertalanzetti.it\/it\/wp-json\/wp\/v2\/pages"}],"about":[{"href":"http:\/\/www.robertalanzetti.it\/it\/wp-json\/wp\/v2\/types\/page"}],"author":[{"embeddable":true,"href":"http:\/\/www.robertalanzetti.it\/it\/wp-json\/wp\/v2\/users\/2"}],"replies":[{"embeddable":true,"href":"http:\/\/www.robertalanzetti.it\/it\/wp-json\/wp\/v2\/comments?post=546"}],"version-history":[{"count":4,"href":"http:\/\/www.robertalanzetti.it\/it\/wp-json\/wp\/v2\/pages\/546\/revisions"}],"predecessor-version":[{"id":556,"href":"http:\/\/www.robertalanzetti.it\/it\/wp-json\/wp\/v2\/pages\/546\/revisions\/556"}],"wp:attachment":[{"href":"http:\/\/www.robertalanzetti.it\/it\/wp-json\/wp\/v2\/media?parent=546"}],"curies":[{"name":"wp","href":"https:\/\/api.w.org\/{rel}","templated":true}]}}